{"id":648,"date":"2026-03-31T14:35:15","date_gmt":"2026-03-31T14:35:15","guid":{"rendered":"https:\/\/quironer.com\/?page_id=648"},"modified":"2026-04-15T10:29:53","modified_gmt":"2026-04-15T10:29:53","slug":"para-quien","status":"publish","type":"page","link":"https:\/\/quironer.com\/en\/para-quien\/","title":{"rendered":"For whom"},"content":{"rendered":"<div data-elementor-type=\"wp-page\" data-elementor-id=\"648\" class=\"elementor elementor-648\" data-elementor-post-type=\"page\">\n\t\t\t\t<div class=\"elementor-element elementor-element-0b013e7 e-flex e-con-boxed e-con e-parent\" data-id=\"0b013e7\" data-element_type=\"container\" data-e-type=\"container\" data-settings=\"{&quot;background_background&quot;:&quot;classic&quot;}\">\n\t\t\t\t\t<div class=\"e-con-inner\">\n\t\t<div class=\"elementor-element elementor-element-29e0235 e-con-full e-flex e-con e-child\" data-id=\"29e0235\" data-element_type=\"container\" data-e-type=\"container\">\n\t\t\t\t<div class=\"elementor-element elementor-element-b70b45a elementor-widget elementor-widget-heading\" data-id=\"b70b45a\" data-element_type=\"widget\" data-e-type=\"widget\" data-widget_type=\"heading.default\">\n\t\t\t\t\t<h1 class=\"elementor-heading-title elementor-size-default\">For Whom<\/h1>\t\t\t\t<\/div>\n\t\t\t\t<div class=\"elementor-element elementor-element-5e04e7e elementor-widget elementor-widget-text-editor\" data-id=\"5e04e7e\" data-element_type=\"widget\" data-e-type=\"widget\" data-widget_type=\"text-editor.default\">\n\t\t\t\t\t\t\t\t\tChiropractic is for everyone who wants to take care of their health from the inside.\t\t\t\t\t\t\t\t<\/div>\n\t\t\t\t<\/div>\n\t\t\t\t<div class=\"elementor-element elementor-element-d71fd14 elementor-widget__width-initial elementor-widget elementor-widget-image\" data-id=\"d71fd14\" data-element_type=\"widget\" data-e-type=\"widget\" data-widget_type=\"image.default\">\n\t\t\t\t\t\t\t\t\t\t\t\t\t\t\t<img fetchpriority=\"high\" decoding=\"async\" width=\"1920\" height=\"1282\" src=\"https:\/\/quironer.com\/wp-content\/uploads\/2026\/03\/DSC6969.webp\" class=\"attachment-full size-full wp-image-694\" alt=\"quiropr\u00e1ctica para bebes\" srcset=\"https:\/\/quironer.com\/wp-content\/uploads\/2026\/03\/DSC6969.webp 1920w, https:\/\/quironer.com\/wp-content\/uploads\/2026\/03\/DSC6969-300x200.webp 300w, https:\/\/quironer.com\/wp-content\/uploads\/2026\/03\/DSC6969-1024x684.webp 1024w, https:\/\/quironer.com\/wp-content\/uploads\/2026\/03\/DSC6969-768x513.webp 768w, https:\/\/quironer.com\/wp-content\/uploads\/2026\/03\/DSC6969-1536x1026.webp 1536w\" sizes=\"(max-width: 1920px) 100vw, 1920px\" \/>\t\t\t\t\t\t\t\t\t\t\t\t\t\t\t<\/div>\n\t\t\t\t\t<\/div>\n\t\t\t\t<\/div>\n\t\t<div class=\"elementor-element elementor-element-07d6f02 e-con-full selector e-flex e-con e-parent\" data-id=\"07d6f02\" data-element_type=\"container\" data-e-type=\"container\">\n\t\t<div class=\"elementor-element elementor-element-805caf9 e-con-full contenedor-secundario e-flex e-con e-child\" data-id=\"805caf9\" data-element_type=\"container\" data-e-type=\"container\" data-settings=\"{&quot;background_background&quot;:&quot;classic&quot;}\">\n\t\t<div class=\"elementor-element elementor-element-90ba47d e-con-full img-cont e-flex e-con e-child\" data-id=\"90ba47d\" data-element_type=\"container\" data-e-type=\"container\" data-settings=\"{&quot;background_background&quot;:&quot;classic&quot;}\">\n\t\t\t\t<\/div>\n\t\t<div class=\"elementor-element elementor-element-50aff39 e-con-full cont-txt e-flex e-con e-child\" data-id=\"50aff39\" data-element_type=\"container\" data-e-type=\"container\" data-settings=\"{&quot;background_background&quot;:&quot;classic&quot;,&quot;position&quot;:&quot;absolute&quot;}\">\n\t\t\t\t<div class=\"elementor-element elementor-element-b60773a elementor-widget elementor-widget-heading\" data-id=\"b60773a\" data-element_type=\"widget\" data-e-type=\"widget\" data-widget_type=\"heading.default\">\n\t\t\t\t\t<h2 class=\"elementor-heading-title elementor-size-default\">Babies, children and teenagers<\/h2>\t\t\t\t<\/div>\n\t\t\t\t<div class=\"elementor-element elementor-element-61d0843 elementor-widget elementor-widget-text-editor\" data-id=\"61d0843\" data-element_type=\"widget\" data-e-type=\"widget\" data-widget_type=\"text-editor.default\">\n\t\t\t\t\t\t\t\t\tFrom birth, the body is constantly growing. Falls, stress, difficult deliveries or bad postures can alter the development of the nervous system.\n\nChiropractic follow-up in these stages favors healthy growth, a strong immune system and a good body-mind connection.\t\t\t\t\t\t\t\t<\/div>\n\t\t\t\t<\/div>\n\t\t\t\t<\/div>\n\t\t<div class=\"elementor-element elementor-element-c224d3f e-con-full contenedor-secundario e-flex e-con e-child\" data-id=\"c224d3f\" data-element_type=\"container\" data-e-type=\"container\" data-settings=\"{&quot;background_background&quot;:&quot;classic&quot;}\">\n\t\t<div class=\"elementor-element elementor-element-9a47263 e-con-full img-cont e-flex e-con e-child\" data-id=\"9a47263\" data-element_type=\"container\" data-e-type=\"container\" data-settings=\"{&quot;background_background&quot;:&quot;classic&quot;}\">\n\t\t\t\t<\/div>\n\t\t<div class=\"elementor-element elementor-element-dbeb490 e-con-full cont-txt e-flex e-con e-child\" data-id=\"dbeb490\" data-element_type=\"container\" data-e-type=\"container\" data-settings=\"{&quot;background_background&quot;:&quot;classic&quot;,&quot;position&quot;:&quot;absolute&quot;}\">\n\t\t\t\t<div class=\"elementor-element elementor-element-e3e9ef7 elementor-widget elementor-widget-heading\" data-id=\"e3e9ef7\" data-element_type=\"widget\" data-e-type=\"widget\" data-widget_type=\"heading.default\">\n\t\t\t\t\t<h2 class=\"elementor-heading-title elementor-size-default\">Pregnant and postpartum\n<\/h2>\t\t\t\t<\/div>\n\t\t\t\t<div class=\"elementor-element elementor-element-81ea6af elementor-widget elementor-widget-text-editor\" data-id=\"81ea6af\" data-element_type=\"widget\" data-e-type=\"widget\" data-widget_type=\"text-editor.default\">\n\t\t\t\t\t\t\t\t\t<p>During pregnancy and postpartum, the body goes through a huge transformation. Chiropractic helps these changes to be balanced, reduces discomfort and improves pelvic mobility.<\/p>\t\t\t\t\t\t\t\t<\/div>\n\t\t\t\t<\/div>\n\t\t\t\t<\/div>\n\t\t<div class=\"elementor-element elementor-element-e22507d e-con-full contenedor-secundario e-flex e-con e-child\" data-id=\"e22507d\" data-element_type=\"container\" data-e-type=\"container\" data-settings=\"{&quot;background_background&quot;:&quot;classic&quot;}\">\n\t\t<div class=\"elementor-element elementor-element-e4d6a7f e-con-full img-cont e-flex e-con e-child\" data-id=\"e4d6a7f\" data-element_type=\"container\" data-e-type=\"container\" data-settings=\"{&quot;background_background&quot;:&quot;classic&quot;}\">\n\t\t\t\t<\/div>\n\t\t<div class=\"elementor-element elementor-element-0d2b5ca e-con-full cont-txt e-flex e-con e-child\" data-id=\"0d2b5ca\" data-element_type=\"container\" data-e-type=\"container\" data-settings=\"{&quot;background_background&quot;:&quot;classic&quot;,&quot;position&quot;:&quot;absolute&quot;}\">\n\t\t\t\t<div class=\"elementor-element elementor-element-2d791a5 elementor-widget elementor-widget-heading\" data-id=\"2d791a5\" data-element_type=\"widget\" data-e-type=\"widget\" data-widget_type=\"heading.default\">\n\t\t\t\t\t<h2 class=\"elementor-heading-title elementor-size-default\">Active adults<\/h2>\t\t\t\t<\/div>\n\t\t\t\t<div class=\"elementor-element elementor-element-55e8374 elementor-widget elementor-widget-text-editor\" data-id=\"55e8374\" data-element_type=\"widget\" data-e-type=\"widget\" data-widget_type=\"text-editor.default\">\n\t\t\t\t\t\t\t\t\t<div class=\"framer-sr574z\" data-framer-name=\"Photo\"><div class=\"framer-17p5nh0\" data-framer-name=\"Photo\">\u00a0<\/div><\/div><div class=\"framer-1lebud0\" data-framer-name=\"Content\"><div class=\"framer-jg95c4\" data-framer-component-type=\"RichTextContainer\"><p class=\"framer-text framer-styles-preset-10cxxxz\">The current pace of life requires us to be well inside and out. With chiropractic you can better manage stress, improve your energy, sleep better, maintain a good posture and prevent future ailments.<\/p><p class=\"framer-text framer-styles-preset-10cxxxz\">You don't need to have pain to start taking care of yourself.<\/p><\/div><\/div>\t\t\t\t\t\t\t\t<\/div>\n\t\t\t\t<\/div>\n\t\t\t\t<\/div>\n\t\t<div class=\"elementor-element elementor-element-d957374 e-con-full contenedor-secundario e-flex e-con e-child\" data-id=\"d957374\" data-element_type=\"container\" data-e-type=\"container\" data-settings=\"{&quot;background_background&quot;:&quot;classic&quot;}\">\n\t\t<div class=\"elementor-element elementor-element-b07413c e-con-full img-cont e-flex e-con e-child\" data-id=\"b07413c\" data-element_type=\"container\" data-e-type=\"container\" data-settings=\"{&quot;background_background&quot;:&quot;classic&quot;}\">\n\t\t\t\t<\/div>\n\t\t<div class=\"elementor-element elementor-element-7635f3d e-con-full cont-txt e-flex e-con e-child\" data-id=\"7635f3d\" data-element_type=\"container\" data-e-type=\"container\" data-settings=\"{&quot;background_background&quot;:&quot;classic&quot;,&quot;position&quot;:&quot;absolute&quot;}\">\n\t\t\t\t<div class=\"elementor-element elementor-element-1135b5a elementor-widget elementor-widget-heading\" data-id=\"1135b5a\" data-element_type=\"widget\" data-e-type=\"widget\" data-widget_type=\"heading.default\">\n\t\t\t\t\t<h2 class=\"elementor-heading-title elementor-size-default\">Third Age<\/h2>\t\t\t\t<\/div>\n\t\t\t\t<div class=\"elementor-element elementor-element-eb6b143 elementor-widget elementor-widget-text-editor\" data-id=\"eb6b143\" data-element_type=\"widget\" data-e-type=\"widget\" data-widget_type=\"text-editor.default\">\n\t\t\t\t\t\t\t\t\t<p>Ageing does not mean resigning yourself to losing quality of life. Chiropractic improves mobility, balance and vitality, helping to prevent falls, maintain a flexible spine and enjoy an active and autonomous maturity.<\/p>\t\t\t\t\t\t\t\t<\/div>\n\t\t\t\t<\/div>\n\t\t\t\t<\/div>\n\t\t\t\t<\/div>\n\t\t<div class=\"elementor-element elementor-element-c54dae4 e-flex e-con-boxed e-con e-parent\" data-id=\"c54dae4\" data-element_type=\"container\" data-e-type=\"container\" data-settings=\"{&quot;background_background&quot;:&quot;classic&quot;}\">\n\t\t\t\t\t<div class=\"e-con-inner\">\n\t\t\t\t<div class=\"elementor-element elementor-element-8c898f5 elementor-widget__width-initial elementor-widget elementor-widget-heading\" data-id=\"8c898f5\" data-element_type=\"widget\" data-e-type=\"widget\" data-widget_type=\"heading.default\">\n\t\t\t\t\t<h2 class=\"elementor-heading-title elementor-size-default\">\"When your spine is aligned, your whole body works better\"<\/h2>\t\t\t\t<\/div>\n\t\t\t\t<div class=\"elementor-element elementor-element-cac1e13 btn-primary elementor-widget elementor-widget-button\" data-id=\"cac1e13\" data-element_type=\"widget\" data-e-type=\"widget\" data-widget_type=\"button.default\">\n\t\t\t\t\t\t\t\t\t\t<a class=\"elementor-button elementor-button-link elementor-size-sm\" href=\"https:\/\/quironer.com\/en\/contacto\/\">\n\t\t\t\t\t\t<span class=\"elementor-button-content-wrapper\">\n\t\t\t\t\t\t<span class=\"elementor-button-icon\">\n\t\t\t\t<i aria-hidden=\"true\" class=\"icon icon-arrow-right\"><\/i>\t\t\t<\/span>\n\t\t\t\t\t\t\t\t\t<span class=\"elementor-button-text\">Contact us<\/span>\n\t\t\t\t\t<\/span>\n\t\t\t\t\t<\/a>\n\t\t\t\t\t\t\t\t<\/div>\n\t\t\t\t\t<\/div>\n\t\t\t\t<\/div>\n\t\t\t\t<\/div>","protected":false},"excerpt":{"rendered":"<p>Para Qui\u00e9n La quiropr\u00e1ctica es para todas las personas que quieren cuidar de su salud desde dentro. Beb\u00e9s, ni\u00f1os y adolescente Desde el nacimiento, el cuerpo est\u00e1 en constante crecimiento. Las ca\u00eddas, el estr\u00e9s, los partos dif\u00edciles o las malas posturas pueden alterar el desarrollo del sistema nervioso. Un seguimiento quiropr\u00e1ctico en estas etapas favorece [&hellip;]<\/p>\n","protected":false},"author":1,"featured_media":0,"parent":0,"menu_order":4,"comment_status":"closed","ping_status":"closed","template":"","meta":{"footnotes":""},"class_list":["post-648","page","type-page","status-publish","hentry"],"_links":{"self":[{"href":"https:\/\/quironer.com\/en\/wp-json\/wp\/v2\/pages\/648","targetHints":{"allow":["GET"]}}],"collection":[{"href":"https:\/\/quironer.com\/en\/wp-json\/wp\/v2\/pages"}],"about":[{"href":"https:\/\/quironer.com\/en\/wp-json\/wp\/v2\/types\/page"}],"author":[{"embeddable":true,"href":"https:\/\/quironer.com\/en\/wp-json\/wp\/v2\/users\/1"}],"replies":[{"embeddable":true,"href":"https:\/\/quironer.com\/en\/wp-json\/wp\/v2\/comments?post=648"}],"version-history":[{"count":79,"href":"https:\/\/quironer.com\/en\/wp-json\/wp\/v2\/pages\/648\/revisions"}],"predecessor-version":[{"id":1995,"href":"https:\/\/quironer.com\/en\/wp-json\/wp\/v2\/pages\/648\/revisions\/1995"}],"wp:attachment":[{"href":"https:\/\/quironer.com\/en\/wp-json\/wp\/v2\/media?parent=648"}],"curies":[{"name":"wp","href":"https:\/\/api.w.org\/{rel}","templated":true}]}}