{"id":53,"date":"2026-03-31T14:35:15","date_gmt":"2026-03-31T14:35:15","guid":{"rendered":"https:\/\/quironer.com\/?page_id=53"},"modified":"2026-04-22T10:10:50","modified_gmt":"2026-04-22T10:10:50","slug":"equipo","status":"publish","type":"page","link":"https:\/\/quironer.com\/en\/equipo\/","title":{"rendered":"Team"},"content":{"rendered":"<div data-elementor-type=\"wp-page\" data-elementor-id=\"53\" class=\"elementor elementor-53\" data-elementor-post-type=\"page\">\n\t\t\t\t<div class=\"elementor-element elementor-element-7dd0a21 e-con-full e-flex e-con e-parent\" data-id=\"7dd0a21\" data-element_type=\"container\" data-e-type=\"container\" data-settings=\"{&quot;background_background&quot;:&quot;classic&quot;}\">\n\t\t\t\t<div class=\"elementor-element elementor-element-2c8fa83 elementor-widget elementor-widget-heading\" data-id=\"2c8fa83\" data-element_type=\"widget\" data-e-type=\"widget\" data-widget_type=\"heading.default\">\n\t\t\t\t\t<h1 class=\"elementor-heading-title elementor-size-default\">Our team<\/h1>\t\t\t\t<\/div>\n\t\t\t\t<div class=\"elementor-element elementor-element-62d7121 elementor-widget__width-initial elementor-widget elementor-widget-text-editor\" data-id=\"62d7121\" data-element_type=\"widget\" data-e-type=\"widget\" data-widget_type=\"text-editor.default\">\n\t\t\t\t\t\t\t\t\t<p>Years of training and thousands of patients accompanied.<\/p>\t\t\t\t\t\t\t\t<\/div>\n\t\t\t\t<div class=\"elementor-element elementor-element-507d6c1 btn-primary elementor-widget elementor-widget-button\" data-id=\"507d6c1\" data-element_type=\"widget\" data-e-type=\"widget\" data-widget_type=\"button.default\">\n\t\t\t\t\t\t\t\t\t\t<a class=\"elementor-button elementor-button-link elementor-size-sm\" href=\"https:\/\/quironer.com\/en\/contacto\/\">\n\t\t\t\t\t\t<span class=\"elementor-button-content-wrapper\">\n\t\t\t\t\t\t<span class=\"elementor-button-icon\">\n\t\t\t\t<i aria-hidden=\"true\" class=\"icon icon-arrow-right\"><\/i>\t\t\t<\/span>\n\t\t\t\t\t\t\t\t\t<span class=\"elementor-button-text\">Let's talk<\/span>\n\t\t\t\t\t<\/span>\n\t\t\t\t\t<\/a>\n\t\t\t\t\t\t\t\t<\/div>\n\t\t\t\t<\/div>\n\t\t<div class=\"elementor-element elementor-element-ad33c19 e-con-full e-flex e-con e-parent\" data-id=\"ad33c19\" data-element_type=\"container\" data-e-type=\"container\" data-settings=\"{&quot;background_background&quot;:&quot;classic&quot;}\">\n\t\t<div class=\"elementor-element elementor-element-420ccae e-grid e-con-full e-con e-child\" data-id=\"420ccae\" data-element_type=\"container\" data-e-type=\"container\">\n\t\t<div class=\"elementor-element elementor-element-1e3c54c e-con-full e-flex e-con e-child\" data-id=\"1e3c54c\" data-element_type=\"container\" data-e-type=\"container\">\n\t\t<div class=\"elementor-element elementor-element-21b8655 e-con-full e-flex e-con e-child\" data-id=\"21b8655\" data-element_type=\"container\" data-e-type=\"container\" data-settings=\"{&quot;background_background&quot;:&quot;classic&quot;}\">\n\t\t\t\t<\/div>\n\t\t\t\t<div class=\"elementor-element elementor-element-5856dac elementor-widget elementor-widget-text-editor\" data-id=\"5856dac\" data-element_type=\"widget\" data-e-type=\"widget\" data-widget_type=\"text-editor.default\">\n\t\t\t\t\t\t\t\t\t<p>ARTURO<\/p>\t\t\t\t\t\t\t\t<\/div>\n\t\t\t\t<div class=\"elementor-element elementor-element-5bb8ae6 elementor-widget elementor-widget-text-editor\" data-id=\"5bb8ae6\" data-element_type=\"widget\" data-e-type=\"widget\" data-widget_type=\"text-editor.default\">\n\t\t\t\t\t\t\t\t\t<p>Chiropractor<\/p>\t\t\t\t\t\t\t\t<\/div>\n\t\t\t\t<div class=\"elementor-element elementor-element-6258da7 elementor-widget elementor-widget-text-editor\" data-id=\"6258da7\" data-element_type=\"widget\" data-e-type=\"widget\" data-widget_type=\"text-editor.default\">\n\t\t\t\t\t\t\t\t\t<p>Since I was little I have had a lot of interest in sport and the functioning of the human body.<\/p><p>Living in the USA. (Chicago) and dedicating most of my time to basketball, I realized that I wanted to help people overcome problems, achieve their goals and improve their quality of life through a better functioning of the brain. For this reason and after finishing my studies in the United States, I decide to return to my city of origin in Spain, where I begin my 5 years of chiropractic studies.<\/p><p>In love with this profession since the first year, I graduate with Honorable Mention of my promotion, having the opportunity to do a part of my clinical practice at the University of Feevale (Brazil).<\/p><p>During this clinical practice and because of the type of people who came to see me, I decided to focus my studies on Functional Neurology and the human brain.<\/p><p>After seeing patients from various countries such as Namibia, Brazil and Holland, I finally embarked on the project of setting up QUIRONER CENTERS, with the aim of bringing my enthusiasm for the nervous system and Chiropractic to Spain.<\/p><p>As of today, I share my knowledge in the media, presentations for chiropractors and students.<\/p><p>Currently, I continue to train with the best professionals from around the world, to continue improving the quality of life of all of you and all your families.<\/p>\t\t\t\t\t\t\t\t<\/div>\n\t\t\t\t<\/div>\n\t\t<div class=\"elementor-element elementor-element-bd8f468 e-con-full e-flex e-con e-child\" data-id=\"bd8f468\" data-element_type=\"container\" data-e-type=\"container\">\n\t\t<div class=\"elementor-element elementor-element-95d7f91 e-con-full e-flex e-con e-child\" data-id=\"95d7f91\" data-element_type=\"container\" data-e-type=\"container\" data-settings=\"{&quot;background_background&quot;:&quot;classic&quot;}\">\n\t\t\t\t<\/div>\n\t\t\t\t<div class=\"elementor-element elementor-element-4767645 elementor-widget elementor-widget-text-editor\" data-id=\"4767645\" data-element_type=\"widget\" data-e-type=\"widget\" data-widget_type=\"text-editor.default\">\n\t\t\t\t\t\t\t\t\t<p>NACHO<\/p>\t\t\t\t\t\t\t\t<\/div>\n\t\t\t\t<div class=\"elementor-element elementor-element-2d25c74 elementor-widget elementor-widget-text-editor\" data-id=\"2d25c74\" data-element_type=\"widget\" data-e-type=\"widget\" data-widget_type=\"text-editor.default\">\n\t\t\t\t\t\t\t\t\t<p>Chiropractor<\/p>\t\t\t\t\t\t\t\t<\/div>\n\t\t\t\t<div class=\"elementor-element elementor-element-bfc7826 elementor-widget elementor-widget-text-editor\" data-id=\"bfc7826\" data-element_type=\"widget\" data-e-type=\"widget\" data-widget_type=\"text-editor.default\">\n\t\t\t\t\t\t\t\t\t<p>Although on the ID it says Ignacio, I have always felt more Nacho. It's what most people call me, and the truth is, it sounds more authentic to me, more like home. A bit like what I also try to convey at work: closeness, simplicity and a way to accompany people from the human, without costumes or magic formulas.<\/p><p>Since I was little I was clear that I wanted to dedicate myself to something that made sense, something that would connect me with people and with the human body. Chiropractic came as a natural response to that impulse: a way to accompany health processes from respect, knowledge and listening.<\/p><p>Over the years and experience, I have learned that each person who arrives at the center brings much more than a nuisance or tension. It brings his story, his way of adapting to the world, his rhythms and his limits. And our job is not to \"correct\" anything from the outside, but to release what interferes, so that the body can do what it knows best to do: self-regulate, find balance and heal.<\/p><p>Being part of Quironer is a gift. We share the same vision of health: deep, respectful and committed to long-term well-being.<\/p><p>My goal with every adjustment is that you leave not only with more mobility, but also with more confidence in yourself and in the intelligence of your own body<\/p>\t\t\t\t\t\t\t\t<\/div>\n\t\t\t\t<\/div>\n\t\t\t\t<\/div>\n\t\t<div class=\"elementor-element elementor-element-e3e3657 e-grid e-con-full e-con e-child\" data-id=\"e3e3657\" data-element_type=\"container\" data-e-type=\"container\">\n\t\t<div class=\"elementor-element elementor-element-15ca7ce e-con-full e-flex e-con e-child\" data-id=\"15ca7ce\" data-element_type=\"container\" data-e-type=\"container\">\n\t\t<div class=\"elementor-element elementor-element-ef5e9a4 e-con-full e-flex e-con e-child\" data-id=\"ef5e9a4\" data-element_type=\"container\" data-e-type=\"container\" data-settings=\"{&quot;background_background&quot;:&quot;classic&quot;}\">\n\t\t\t\t<\/div>\n\t\t\t\t<div class=\"elementor-element elementor-element-6e7cf7a elementor-widget elementor-widget-text-editor\" data-id=\"6e7cf7a\" data-element_type=\"widget\" data-e-type=\"widget\" data-widget_type=\"text-editor.default\">\n\t\t\t\t\t\t\t\t\t<p>GLORIA<\/p>\t\t\t\t\t\t\t\t<\/div>\n\t\t\t\t<div class=\"elementor-element elementor-element-690e25e elementor-widget elementor-widget-text-editor\" data-id=\"690e25e\" data-element_type=\"widget\" data-e-type=\"widget\" data-widget_type=\"text-editor.default\">\n\t\t\t\t\t\t\t\t\t<p>Manager<\/p>\t\t\t\t\t\t\t\t<\/div>\n\t\t\t\t<div class=\"elementor-element elementor-element-3e68fab elementor-widget elementor-widget-text-editor\" data-id=\"3e68fab\" data-element_type=\"widget\" data-e-type=\"widget\" data-widget_type=\"text-editor.default\">\n\t\t\t\t\t\t\t\t\t<p>My name is Gloria and I am a chiropractor's assistant.<\/p><p>My entire professional life has been developed in the health field and, although I came to chiropractic without knowing anything about it, it captivated me from the first day. I discovered a different way of taking care of my health that has surprised and passionate me. Chiropractic fascinates me because every day I see how people recover their health, their energy and their well-being, not only on a physical level, but also emotionally.<\/p><p>I adjust myself every week and I can say that this experience has transformed my life.<\/p><p>What I like the most and my priority is to accompany each patient and feel how, little by little, we are creating a great family united by the same goal: to live better and with more quality of life. I love being part of that positive energy and sharing it with those who come to our Centers.<\/p>\t\t\t\t\t\t\t\t<\/div>\n\t\t\t\t<\/div>\n\t\t<div class=\"elementor-element elementor-element-5739678 e-con-full e-flex e-con e-child\" data-id=\"5739678\" data-element_type=\"container\" data-e-type=\"container\">\n\t\t<div class=\"elementor-element elementor-element-12c82a7 e-con-full e-flex e-con e-child\" data-id=\"12c82a7\" data-element_type=\"container\" data-e-type=\"container\" data-settings=\"{&quot;background_background&quot;:&quot;classic&quot;}\">\n\t\t\t\t<\/div>\n\t\t\t\t<div class=\"elementor-element elementor-element-34c8f0b elementor-widget elementor-widget-text-editor\" data-id=\"34c8f0b\" data-element_type=\"widget\" data-e-type=\"widget\" data-widget_type=\"text-editor.default\">\n\t\t\t\t\t\t\t\t\t<p>YALINA<\/p>\t\t\t\t\t\t\t\t<\/div>\n\t\t\t\t<div class=\"elementor-element elementor-element-663fe7d elementor-widget elementor-widget-text-editor\" data-id=\"663fe7d\" data-element_type=\"widget\" data-e-type=\"widget\" data-widget_type=\"text-editor.default\">\n\t\t\t\t\t\t\t\t\t<p>Administrative officer<\/p>\t\t\t\t\t\t\t\t<\/div>\n\t\t\t\t<div class=\"elementor-element elementor-element-93544ee elementor-widget elementor-widget-text-editor\" data-id=\"93544ee\" data-element_type=\"widget\" data-e-type=\"widget\" data-widget_type=\"text-editor.default\">\n\t\t\t\t\t\t\t\t\t<p>Hello, I'm Yalina, I'm Peruvian and my taste for traveling, getting to know other cultures and living new experiences, brought me to Spain, where I not only discovered their culture, their people and their food, I was also lucky to know chiropractic, and I ended up changing my way of understanding the body, health and well-being.<\/p><p>Chiropractic taught me that the body speaks, and that when we hear it, incredible things happen.<\/p><p>I am lucky to be part of this wonderful team, where every day I see how chiropractic transforms lives, it is gratifying to witness how people not only improve physically, but also recover energy, rest and vitality.<\/p><p>As a chiropractic assistant, I am here to accompany you throughout your process, help you feel comfortable, solve your doubts and ensure a warm experience.<\/p><p>I will be happy to receive you and be part of your path towards a more balanced and healthy life.<\/p>\t\t\t\t\t\t\t\t<\/div>\n\t\t\t\t<\/div>\n\t\t\t\t<\/div>\n\t\t<div class=\"elementor-element elementor-element-801daa5 e-grid e-con-full e-con e-child\" data-id=\"801daa5\" data-element_type=\"container\" data-e-type=\"container\">\n\t\t<div class=\"elementor-element elementor-element-48eb687 e-con-full e-flex e-con e-child\" data-id=\"48eb687\" data-element_type=\"container\" data-e-type=\"container\">\n\t\t<div class=\"elementor-element elementor-element-3a58e6a e-con-full e-flex e-con e-child\" data-id=\"3a58e6a\" data-element_type=\"container\" data-e-type=\"container\" data-settings=\"{&quot;background_background&quot;:&quot;classic&quot;}\">\n\t\t\t\t<\/div>\n\t\t\t\t<div class=\"elementor-element elementor-element-744fd96 elementor-widget elementor-widget-text-editor\" data-id=\"744fd96\" data-element_type=\"widget\" data-e-type=\"widget\" data-widget_type=\"text-editor.default\">\n\t\t\t\t\t\t\t\t\t<p>LOURDES<\/p>\t\t\t\t\t\t\t\t<\/div>\n\t\t\t\t<div class=\"elementor-element elementor-element-725f24f elementor-widget elementor-widget-text-editor\" data-id=\"725f24f\" data-element_type=\"widget\" data-e-type=\"widget\" data-widget_type=\"text-editor.default\">\n\t\t\t\t\t\t\t\t\t<p>Chiropractic asist<\/p>\t\t\t\t\t\t\t\t<\/div>\n\t\t\t\t<div class=\"elementor-element elementor-element-440f6cd elementor-widget elementor-widget-text-editor\" data-id=\"440f6cd\" data-element_type=\"widget\" data-e-type=\"widget\" data-widget_type=\"text-editor.default\">\n\t\t\t\t\t\t\t\t\t<p>Hello! I'm Lourdes<\/p><p>I enjoy the simple things: going for a walk, spending time with friends and taking advantage of the little moments that make us feel good. This way of living is what I try to transmit in my day to day.<\/p><p>I consider myself a cheerful and close person, and for me it is important that from the first moment you feel comfortable, in a quiet, welcoming and reliable environment where you can disconnect and have a moment for yourself.<\/p><p>Working at Quironer is great luck. I am part of a team in which there is really support and companionship, and that shows in every detail and in the way we attend to those who visit us.<\/p><p>Chiropractic has made me see the importance of taking care of the spine to improve health, feel better day by day and be able to enjoy more of every moment.<\/p><p>My intention is that your visit is a positive experience, that you feel relaxed and in good hands. It will make me very happy to see you move forward and know that little by little you recover your well-being.<\/p><p>It will be a pleasure to receive you. See you!<\/p>\t\t\t\t\t\t\t\t<\/div>\n\t\t\t\t<\/div>\n\t\t\t\t<\/div>\n\t\t\t\t<\/div>\n\t\t\t\t<\/div>","protected":false},"excerpt":{"rendered":"<p>Nuestro equipo A\u00f1os de formaci\u00f3n y miles de pacientes acompa\u00f1ados. Hablemos ARTURO Quiropr\u00e1ctico Desde peque\u00f1o he tenido mucho inter\u00e9s en el deporte y el funcionamiento del cuerpo humano. Viviendo en EE.UU. (Chicago) y dedicando la mayor parte de mi tiempo al baloncesto, me di cuenta de que quer\u00eda ayudar a la gente a superponerse a [&hellip;]<\/p>\n","protected":false},"author":1,"featured_media":0,"parent":0,"menu_order":6,"comment_status":"closed","ping_status":"closed","template":"","meta":{"footnotes":""},"class_list":["post-53","page","type-page","status-publish","hentry"],"_links":{"self":[{"href":"https:\/\/quironer.com\/en\/wp-json\/wp\/v2\/pages\/53","targetHints":{"allow":["GET"]}}],"collection":[{"href":"https:\/\/quironer.com\/en\/wp-json\/wp\/v2\/pages"}],"about":[{"href":"https:\/\/quironer.com\/en\/wp-json\/wp\/v2\/types\/page"}],"author":[{"embeddable":true,"href":"https:\/\/quironer.com\/en\/wp-json\/wp\/v2\/users\/1"}],"replies":[{"embeddable":true,"href":"https:\/\/quironer.com\/en\/wp-json\/wp\/v2\/comments?post=53"}],"version-history":[{"count":287,"href":"https:\/\/quironer.com\/en\/wp-json\/wp\/v2\/pages\/53\/revisions"}],"predecessor-version":[{"id":2173,"href":"https:\/\/quironer.com\/en\/wp-json\/wp\/v2\/pages\/53\/revisions\/2173"}],"wp:attachment":[{"href":"https:\/\/quironer.com\/en\/wp-json\/wp\/v2\/media?parent=53"}],"curies":[{"name":"wp","href":"https:\/\/api.w.org\/{rel}","templated":true}]}}