{"id":1860,"date":"2026-04-10T15:07:01","date_gmt":"2026-04-10T15:07:01","guid":{"rendered":"https:\/\/quironer.com\/?page_id=1860"},"modified":"2026-04-22T11:38:05","modified_gmt":"2026-04-22T11:38:05","slug":"politica-de-privacidad","status":"publish","type":"page","link":"https:\/\/quironer.com\/en\/politica-de-privacidad\/","title":{"rendered":"Privacy policy"},"content":{"rendered":"\n<p>QUIRONER, S.L. es titular del sitio web quironer.com y responsable del fichero generado con los datos de car\u00e1cter personal proporcionados voluntariamente con el consentimiento informado de los Pacientes de CENTRO QUIROPR\u00c1CTICO QUIRONER mediante la manifestaci\u00f3n realizada personalmente o a trav\u00e9s de este portal.<\/p>\n\n\n\n<p>El acceso y\/o uso del presente portal es totalmente voluntario y le atribuye la posici\u00f3n de USUARIO del mismo, con las Condiciones Generales de acceso y\/o uso aqu\u00ed reflejadas que entiende y que expresamente acepta, desde el mismo momento del acceso informado. Las citadas Condiciones ser\u00e1n de aplicaci\u00f3n independientemente de las Condiciones Generales de Contrataci\u00f3n que en su caso resulten de obligado cumplimiento.<\/p>\n\n\n\n<p>CONDICIONES GENERALES DE USO<br>El sitio web quironer.com proporciona el acceso a multitud de informaciones, servicios y datos en Internet pertenecientes a QUIRONER, S.L. El USUARIO asume la responsabilidad del buen uso del portal. Dicha responsabilidad se extiende al registro que fuese necesario para acceder a determinados servicios o contenidos. En dicho registro, que ser\u00e1 voluntario, el USUARIO ser\u00e1 responsable de aportar informaci\u00f3n veraz y l\u00edcita.<br>Como consecuencia de este registro, al USUARIO se le puede proporcionar una contrase\u00f1a de la que ser\u00e1 responsable, comprometi\u00e9ndose a hacer un uso diligente y confidencial de la misma. El USUARIO se compromete a hacer un uso adecuado de los contenidos y servicios (como por ejemplo servicios de chat, foros de discusi\u00f3n o grupos de noticias) que QUIRONER, S.L.\u00a0ofrece a trav\u00e9s de su portal y con car\u00e1cter enunciativo pero no limitativo, a no emplearlos para (i) incurrir en actividades il\u00edcitas, ilegales o contrarias a la buena fe y al orden p\u00fablico; (ii) difundir contenidos o propaganda de car\u00e1cter racista, xen\u00f3fobo, pornogr\u00e1fico-ilegal, de apolog\u00eda del terrorismo o atentatorio contra los derechos humanos; (iii) provocar da\u00f1os en los sistemas f\u00edsicos y l\u00f3gicos de\u00a0QUIRONER, S.L., de sus proveedores o de terceras personas, introducir o difundir en la red virus inform\u00e1ticos o cualesquiera otros sistemas f\u00edsicos o l\u00f3gicos que sean susceptibles de provocar los da\u00f1os anteriormente mencionados; (iv) intentar acceder y, en su caso, utilizar las cuentas de correo electr\u00f3nico de otros usuarios y modificar o manipular sus mensajes.<br>El USUARIO garantiza que es mayor de 14 a\u00f1os, que otorga su consentimiento para el tratamiento de sus datos personales, tras ser informado, y se responsabiliza del acceso y correcto uso de los sitios web.<br>En este portal no se recabar\u00e1n en ning\u00fan caso datos de car\u00e1cter personal sin conocimiento y autorizaci\u00f3n previa del USUARIO.<br>QUIRONER, S.L. se reserva el derecho de retirar todos aquellos comentarios y aportaciones que vulneren el respeto a la dignidad de la persona, que sean discriminatorios, xen\u00f3fobos, racistas, pornogr\u00e1ficos, que atenten contra la juventud o la infancia, el orden o la seguridad p\u00fablica o que, a su juicio, no resultaran adecuados para su publicaci\u00f3n. En cualquier caso, QUIRONER, S.L.\u00a0no ser\u00e1 responsable de las opiniones vertidas por los usuarios a trav\u00e9s de los foros, chats, u otras herramientas de participaci\u00f3n.<br>TRATAMIENTO DE DATOS DE CAR\u00c1CTER PERSONAL<br>El USUARIO autoriza a QUIRONER, S.L. el tratamiento de los datos personales que voluntariamente suministre a trav\u00e9s de formularios, correo electr\u00f3nico u otros medios electr\u00f3nicos, as\u00ed como los generados por la navegaci\u00f3n en los sitios web de su titularidad con las siguientes finalidades:<\/p>\n\n\n\n<p><br>A.- PRESTACI\u00d3N DEL SERVICIO [art. 6.1.a) y b) RGPD]<\/p>\n\n\n\n<ol class=\"wp-block-list\">\n<li>Ofrecer al usuario una navegaci\u00f3n m\u00e1s personalizada en el portal.<\/li>\n\n\n\n<li>La tramitaci\u00f3n, seguimiento y actualizaci\u00f3n de cualquier solicitud de informaci\u00f3n, relativa a las actividades quiropr\u00e1cticas ofrecidas por\u00a0CENTRO QUIROPR\u00c1CTICO QUIRONER.<\/li>\n\n\n\n<li>El tratamiento de sus datos personales con la finalidad de analizar y formar una opini\u00f3n profesional sobre posibles dolencias existentes, previas a un reconocimiento quiropr\u00e1ctico y su posterior cuidado quiropr\u00e1ctico si fuese preciso; la gesti\u00f3n como paciente de los distintos tratamientos quiropr\u00e1cticos y estudios profesionales; y la facturaci\u00f3n, as\u00ed como la gesti\u00f3n contable y fiscal relacionada con los mismos.<\/li>\n\n\n\n<li>El mantenimiento y gesti\u00f3n integral y centralizada de su relaci\u00f3n como paciente en los tratamientos que ofrece&nbsp;CENTRO QUIROPR\u00c1CTICO QUIRONER.<br>B.- DIFUSI\u00d3N DE ACTIVIDADES DEL CENTRO QUIROPR\u00c1CTICO [art. 6.a) y f) RGPD]<\/li>\n\n\n\n<li>La publicaci\u00f3n de testimonios, im\u00e1genes, v\u00eddeos y datos agregados o debidamente anonimizados en la WEB de QUIRONER o su cesi\u00f3n a anuarios, revistas y otros canales publicitarios o a plataformas privadas y redes sociales utilizadas, as\u00ed como a otros clientes de CENTRO QUIROPR\u00c1CTICO QUIRONER.<br>C.- COMUNICACIONES COMERCIALES [art.6.f) RGPD]<\/li>\n\n\n\n<li>La remisi\u00f3n de correos electr\u00f3nico, whastapp y dem\u00e1s comunicaciones para dar a conocer las actividades comerciales relacionadas con las novedades y actuaciones de CENTRO QUIROPR\u00c1CTICO QUIRONER.<\/li>\n\n\n\n<li>El env\u00edo de informaci\u00f3n y publicidad, incluso por v\u00eda electr\u00f3nica, sobre ofertas, productos, recomendaciones, servicios, promociones, obsequios y campa\u00f1as de fidelizaci\u00f3n de CENTRO QUIROPR\u00c1CTICO QUIRONER.<br>D.- ELABORACI\u00d3N DE PERFILES [art. 6.a) y f) RGPD]<\/li>\n\n\n\n<li>La realizaci\u00f3n de estudios estad\u00edsticos y control de calidad.<br>En cumplimiento de las previsiones contenidas en el REGLAMENTO (UE) 2016\/679 del Parlamento Europeo y del Consejo, de 27 de abril de 2016, relativo a la protecci\u00f3n de las personas f\u00edsicas en lo que respecta al tratamiento de datos personales y a la libre circulaci\u00f3n de estos datos y conforme a las previsiones de la Ley Org\u00e1nica 3\/2018, de 5 de diciembre, de Protecci\u00f3n de Datos Personales y Garant\u00eda de los Derechos Digitales (LOPDDD), se informa que los datos de car\u00e1cter personal que se faciliten directamente por el USUARIO a trav\u00e9s de los distintos recursos disponibles en este portal, ser\u00e1n tratados, para los fines espec\u00edficos para los que son facilitados, de forma confidencial, de conformidad con la normativa reguladora de protecci\u00f3n de datos y quedar\u00e1n incorporados a los ficheros de POTENCIALES CLIENTES en cuanto a la gesti\u00f3n de comunicaciones de las actividades del CENTRO QUIROPR\u00c1CTICO QUIRONER y CLIENTES QUIRONER, en lo que se refiere a las actuaciones y de los tratamientos quiropr\u00e1cticos de los que es responsable QUIRONER, S.L.<br>Los datos no se ceder\u00e1n a terceros salvo en los casos en que exista una obligaci\u00f3n legal o conste el consentimiento expreso del USUARIO. Los datos personales podr\u00e1n ser tratados para elaborar perfiles, categorizar\/segmentar, hacer ratings\/scoring para la toma de decisiones, como, por ejemplo, segmentaci\u00f3n de clientes en base a sus datos personales con el objetivo de realizar comunicaciones comerciales, as\u00ed como para realizar llamadas telef\u00f3nicas que pudieran considerarse oportunas o necesarias para estos fines. Igualmente se podr\u00e1n efectuar comunicaciones de todas aquellas actividades comerciales relacionadas con las novedades y actuaciones de CENTRO QUIROPRACTICO<br>QUIRONER. No se elaboran perfiles con los datos ni se toman decisiones con efectos jur\u00eddicos que afecten significativamente a un n\u00famero plural de interesados, no se realizan transferencias internacionales de los mismos, ni ser\u00e1n tratados por grupos de empresas.<br>Los datos proporcionados se conservar\u00e1n \u00fanicamente mientras se mantenga la relaci\u00f3n profesional o durante el plazo estrictamente necesario para cumplir con las obligaciones legales El USUARIO tiene derecho a obtener confirmaci\u00f3n sobre si en CENTRO QUIROPR\u00c1CTICO QUIRONER estamos tratando sus datos personales, y por tanto tiene derecho a acceder a sus datos personales, rectificar los datos inexactos o solicitar su supresi\u00f3n y portabilidad cuando los datos ya no sean necesarios, de forma totalmente gratuita.<br>El USUARIO puede en todo momento ejercer sus derechos, dirigi\u00e9ndose por escrito al responsable del tratamiento:<br>QUIRONER, S.L.<br>Direcci\u00f3n Postal:\u00a0Calle Francisco De Diego, 6, portal 3; 28040 &#8211; Madrid\u00a0<br>O bien, mediante el env\u00edo de un correo electr\u00f3nico con sus datos a: <a href=\"mailto:info.madrid@quironer.com\">info.madrid@quironer.com<\/a><br>Igualmente, al amparo de lo dispuesto en el art\u00edculo 38 de la LOPDDD, en caso de no ver atendidos sus derechos, puede presentar reclamaci\u00f3n ante el Organismo de Control (Agencia Espa\u00f1ola de Protecci\u00f3n de datos) <a href=\"https:\/\/www.aepd.es\/\" target=\"_blank\" rel=\"noopener\">https:\/\/www.aepd.es<\/a><\/li>\n<\/ol>\n","protected":false},"excerpt":{"rendered":"<p>QUIRONER, S.L. es titular del sitio web quironer.com y responsable del fichero generado con los datos de car\u00e1cter personal proporcionados voluntariamente con el consentimiento informado de los Pacientes de CENTRO QUIROPR\u00c1CTICO QUIRONER mediante la manifestaci\u00f3n realizada personalmente o a trav\u00e9s de este portal. El acceso y\/o uso del presente portal es totalmente voluntario y le [&hellip;]<\/p>\n","protected":false},"author":1,"featured_media":0,"parent":0,"menu_order":99,"comment_status":"closed","ping_status":"closed","template":"","meta":{"footnotes":""},"class_list":["post-1860","page","type-page","status-publish","hentry"],"_links":{"self":[{"href":"https:\/\/quironer.com\/en\/wp-json\/wp\/v2\/pages\/1860","targetHints":{"allow":["GET"]}}],"collection":[{"href":"https:\/\/quironer.com\/en\/wp-json\/wp\/v2\/pages"}],"about":[{"href":"https:\/\/quironer.com\/en\/wp-json\/wp\/v2\/types\/page"}],"author":[{"embeddable":true,"href":"https:\/\/quironer.com\/en\/wp-json\/wp\/v2\/users\/1"}],"replies":[{"embeddable":true,"href":"https:\/\/quironer.com\/en\/wp-json\/wp\/v2\/comments?post=1860"}],"version-history":[{"count":7,"href":"https:\/\/quironer.com\/en\/wp-json\/wp\/v2\/pages\/1860\/revisions"}],"predecessor-version":[{"id":2197,"href":"https:\/\/quironer.com\/en\/wp-json\/wp\/v2\/pages\/1860\/revisions\/2197"}],"wp:attachment":[{"href":"https:\/\/quironer.com\/en\/wp-json\/wp\/v2\/media?parent=1860"}],"curies":[{"name":"wp","href":"https:\/\/api.w.org\/{rel}","templated":true}]}}